{"id":255228,"date":"2024-10-28T15:17:57","date_gmt":"2024-10-28T18:17:57","guid":{"rendered":"https:\/\/viewmontevideo.com\/about\/"},"modified":"2025-02-12T07:36:48","modified_gmt":"2025-02-12T10:36:48","slug":"sobre","status":"publish","type":"page","link":"https:\/\/viewmontevideo.com\/es\/sobre\/","title":{"rendered":"Sobre View Montevideo"},"content":{"rendered":"<p>[et_pb_section fb_built=\u00bb1&#8243; admin_label=\u00bbHero\u00bb _builder_version=\u00bb4.27.4&#8243; _module_preset=\u00bbdefault\u00bb background_color=\u00bbrgba(0,0,0,0.2)\u00bb background_image=\u00bbhttps:\/\/viewmontevideo.com\/wp-content\/uploads\/2025\/02\/category-header-desktop-demo.jpg\u00bb background_last_edited=\u00bbon|phone\u00bb background_image_phone=\u00bbhttps:\/\/viewmontevideo.com\/wp-content\/uploads\/2025\/02\/category-header-mobile-demo.jpg\u00bb background_enable_image_phone=\u00bbon\u00bb global_colors_info=\u00bb{}\u00bb][et_pb_row custom_padding_last_edited=\u00bbon|desktop\u00bb _builder_version=\u00bb4.27.2&#8243; _module_preset=\u00bbdefault\u00bb custom_padding=\u00bb100px||100px||true|false\u00bb custom_padding_tablet=\u00bb50px||50px||false|false\u00bb custom_padding_phone=\u00bb40px||40px||false|false\u00bb global_colors_info=\u00bb{}\u00bb][et_pb_column type=\u00bb4_4&#8243; _builder_version=\u00bb4.27.2&#8243; _module_preset=\u00bbdefault\u00bb global_colors_info=\u00bb{}\u00bb][et_pb_text admin_label=\u00bbTitles\u00bb module_class=\u00bbhero\u00bb _builder_version=\u00bb4.27.4&#8243; _module_preset=\u00bbdefault\u00bb header_font=\u00bb|700|||||||\u00bb header_font_size=\u00bb64px\u00bb header_line_height=\u00bb1.1em\u00bb header_3_font=\u00bb|300||on|||||\u00bb header_3_font_size=\u00bb28px\u00bb header_3_letter_spacing=\u00bb2px\u00bb header_3_line_height=\u00bb1.2em\u00bb text_orientation=\u00bbcenter\u00bb background_layout=\u00bbdark\u00bb hover_enabled=\u00bb0&#8243; header_font_size_tablet=\u00bb54px\u00bb header_font_size_phone=\u00bb48px\u00bb header_font_size_last_edited=\u00bbon|phone\u00bb header_3_font_size_tablet=\u00bb26px\u00bb header_3_font_size_phone=\u00bb24px\u00bb header_3_font_size_last_edited=\u00bbon|phone\u00bb global_colors_info=\u00bb{}\u00bb sticky_enabled=\u00bb0&#8243;]<\/p>\n<h1>Bienvenido a la Gu\u00eda de la Ciudad de Montevideo<\/h1>\n<p>[\/et_pb_text][\/et_pb_column][\/et_pb_row][\/et_pb_section][et_pb_section fb_built=\u00bb1&#8243; admin_label=\u00bbInformation text\u00bb module_class=\u00bbcategory\u00bb _builder_version=\u00bb4.27.2&#8243; _module_preset=\u00bbdefault\u00bb background_enable_color=\u00bboff\u00bb locked=\u00bboff\u00bb global_colors_info=\u00bb{}\u00bb][et_pb_row custom_padding_last_edited=\u00bbon|tablet\u00bb _builder_version=\u00bb4.27.2&#8243; _module_preset=\u00bbdefault\u00bb custom_padding=\u00bb0px|250px||250px|false|true\u00bb custom_padding_tablet=\u00bb|0px||0px|false|true\u00bb custom_padding_phone=\u00bb|0px||0px|false|true\u00bb global_colors_info=\u00bb{}\u00bb][et_pb_column type=\u00bb4_4&#8243; _builder_version=\u00bb4.27.2&#8243; _module_preset=\u00bbdefault\u00bb global_colors_info=\u00bb{}\u00bb][et_pb_text module_class=\u00bbcategory content\u00bb _builder_version=\u00bb4.27.4&#8243; _module_preset=\u00bbdefault\u00bb header_2_font=\u00bb|700|||||||\u00bb header_2_text_align=\u00bbcenter\u00bb header_2_font_size=\u00bb48px\u00bb header_2_line_height=\u00bb1.2em\u00bb hover_enabled=\u00bb0&#8243; header_2_font_size_tablet=\u00bb42px\u00bb header_2_font_size_phone=\u00bb36px\u00bb header_2_font_size_last_edited=\u00bbon|desktop\u00bb global_colors_info=\u00bb{}\u00bb sticky_enabled=\u00bb0&#8243;]ViewMontevideo.com es la nueva gu\u00eda digital de la ciudad. Nuestro objetivo es mostrar a los 2,890,151 millones de turistas y uruguayos que visitan anualmente Montevideo, lo mejor de la capital de la Rep\u00fablica Uruguay.<\/p>\n<p>En nuestro sitio web, te ayudamos a descubrir las mejores opciones en relaci\u00f3n a <a href=\"https:\/\/viewmontevideo.com\/see-do\/activities\/\">vida saludable<\/a>, <a href=\"https:\/\/viewmontevideo.com\/es\/compras\/\">shopping<\/a>, <a href=\"https:\/\/viewmontevideo.com\/es\/alojamientos\/\">hospedaje<\/a>, <a href=\"https:\/\/viewmontevideo.com\/es\/comida-bebida\/restaurantes\/\">restaurantes<\/a>, <a href=\"https:\/\/viewmontevideo.com\/es\/comida-bebida\/bares-pubs\/\">bares<\/a>, <a href=\"https:\/\/viewmontevideo.com\/es\/comida-bebida\/vida-nocturna\/\">vida nocturna<\/a>, eventos y <a href=\"https:\/\/viewmontevideo.com\/es\/ver-hacer\/museos-atracciones\/\">atracciones<\/a>.<\/p>\n<p>Al navegar por el sitio, encontrar\u00e1s sugerencias de los lugares y puntos tur\u00edsticos m\u00e1s destacados. Es por eso que en nuestra p\u00e1gina nos mantenemos siempre actualizados acerca de lo que est\u00e1 sucediendo en la ciudad y sus alrededores.<\/p>\n<p>Te invitamos a usar nuestra gu\u00eda cada vez que necesites informaci\u00f3n sobre la vida y las actividades de Montevideo, y de esa manera disfrutar al m\u00e1ximo de tu estad\u00eda.[\/et_pb_text][et_pb_text module_class=\u00bbcategory\u00bb _builder_version=\u00bb4.27.4&#8243; _module_preset=\u00bbdefault\u00bb ul_line_height=\u00bb1.5em\u00bb header_2_font=\u00bb|700|||||||\u00bb header_2_text_align=\u00bbcenter\u00bb header_2_font_size=\u00bb48px\u00bb header_2_line_height=\u00bb1.2em\u00bb custom_padding=\u00bb30px||||false|false\u00bb hover_enabled=\u00bb0&#8243; header_2_font_size_tablet=\u00bb42px\u00bb header_2_font_size_phone=\u00bb36px\u00bb header_2_font_size_last_edited=\u00bbon|desktop\u00bb global_colors_info=\u00bb{}\u00bb sticky_enabled=\u00bb0&#8243;]<\/p>\n<h2>Datos interesantes sobre Montevideo<\/h2>\n<hr \/>\n<ul>\n<li>Lorem ipsum dolor sit amet, consectetur adipiscing elit.<\/li>\n<li>Lorem ipsum dolor sit amet, consectetur adipiscing elit.<\/li>\n<li>Lorem ipsum dolor sit amet, consectetur adipiscing elit.Lorem ipsum dolor sit amet, consectetur adipiscing elit.<\/li>\n<li>Lorem ipsum dolor sit amet, consectetur adipiscing elit.<\/li>\n<\/ul>\n<p>[\/et_pb_text][et_pb_button button_url=\u00bbhttps:\/\/viewmontevideo.com\/es\/contacto\/\u00bb button_text=\u00bbContacto\u00bb button_alignment=\u00bbcenter\u00bb _builder_version=\u00bb4.27.4&#8243; _module_preset=\u00bbdefault\u00bb custom_button=\u00bbon\u00bb button_text_color=\u00bb#FFFFFF\u00bb button_bg_color=\u00bb#5c8cb2&#8243; button_border_color=\u00bb#5c8cb2&#8243; button_border_radius=\u00bb60px\u00bb button_use_icon=\u00bboff\u00bb custom_padding=\u00bb|30px||30px|false|true\u00bb hover_enabled=\u00bb0&#8243; global_colors_info=\u00bb{}\u00bb button_bg_color__hover_enabled=\u00bbon|desktop\u00bb button_bg_color__hover=\u00bb#000000&#8243; button_bg_enable_color__hover=\u00bbon\u00bb button_border_color__hover_enabled=\u00bbon|desktop\u00bb button_border_color__hover=\u00bb#000000&#8243; sticky_enabled=\u00bb0&#8243;][\/et_pb_button][\/et_pb_column][\/et_pb_row][\/et_pb_section]<\/p>\n","protected":false},"excerpt":{"rendered":"<p>Bienvenido a la Gu\u00eda de la Ciudad de MontevideoViewMontevideo.com es la nueva gu\u00eda digital de la ciudad. Nuestro objetivo es mostrar a los 2,890,151 millones de turistas y uruguayos que visitan anualmente Montevideo, lo mejor de la capital de la Rep\u00fablica Uruguay. En nuestro sitio web, te ayudamos a descubrir las mejores opciones en relaci\u00f3n [&hellip;]<\/p>\n","protected":false},"author":1,"featured_media":0,"parent":0,"menu_order":0,"comment_status":"closed","ping_status":"closed","template":"","meta":{"_et_pb_use_builder":"on","_et_pb_old_content":"","_et_gb_content_width":"","_lmt_disableupdate":"no","_lmt_disable":"","footnotes":""},"class_list":["post-255228","page","type-page","status-publish","hentry"],"_links":{"self":[{"href":"https:\/\/viewmontevideo.com\/es\/wp-json\/wp\/v2\/pages\/255228","targetHints":{"allow":["GET"]}}],"collection":[{"href":"https:\/\/viewmontevideo.com\/es\/wp-json\/wp\/v2\/pages"}],"about":[{"href":"https:\/\/viewmontevideo.com\/es\/wp-json\/wp\/v2\/types\/page"}],"author":[{"embeddable":true,"href":"https:\/\/viewmontevideo.com\/es\/wp-json\/wp\/v2\/users\/1"}],"replies":[{"embeddable":true,"href":"https:\/\/viewmontevideo.com\/es\/wp-json\/wp\/v2\/comments?post=255228"}],"version-history":[{"count":2,"href":"https:\/\/viewmontevideo.com\/es\/wp-json\/wp\/v2\/pages\/255228\/revisions"}],"predecessor-version":[{"id":255231,"href":"https:\/\/viewmontevideo.com\/es\/wp-json\/wp\/v2\/pages\/255228\/revisions\/255231"}],"wp:attachment":[{"href":"https:\/\/viewmontevideo.com\/es\/wp-json\/wp\/v2\/media?parent=255228"}],"curies":[{"name":"wp","href":"https:\/\/api.w.org\/{rel}","templated":true}]}}