{"id":255240,"date":"2024-10-28T16:06:15","date_gmt":"2024-10-28T19:06:15","guid":{"rendered":"https:\/\/viewmontevideo.com\/contact\/"},"modified":"2025-02-12T07:42:44","modified_gmt":"2025-02-12T10:42:44","slug":"contacto","status":"publish","type":"page","link":"https:\/\/viewmontevideo.com\/es\/contacto\/","title":{"rendered":"Contacto"},"content":{"rendered":"<p>[et_pb_section fb_built=\u00bb1&#8243; admin_label=\u00bbHero\u00bb _builder_version=\u00bb4.27.4&#8243; _module_preset=\u00bbdefault\u00bb background_color=\u00bbrgba(0,0,0,0.2)\u00bb background_image=\u00bbhttps:\/\/viewmontevideo.com\/wp-content\/uploads\/2025\/02\/category-header-desktop-demo.jpg\u00bb background_last_edited=\u00bbon|phone\u00bb background_image_phone=\u00bbhttps:\/\/viewmontevideo.com\/wp-content\/uploads\/2025\/02\/category-header-mobile-demo.jpg\u00bb background_enable_image_phone=\u00bbon\u00bb global_colors_info=\u00bb{}\u00bb][et_pb_row custom_padding_last_edited=\u00bbon|desktop\u00bb _builder_version=\u00bb4.27.2&#8243; _module_preset=\u00bbdefault\u00bb custom_padding=\u00bb100px||100px||true|false\u00bb custom_padding_tablet=\u00bb50px||50px||false|false\u00bb custom_padding_phone=\u00bb40px||40px||false|false\u00bb global_colors_info=\u00bb{}\u00bb][et_pb_column type=\u00bb4_4&#8243; _builder_version=\u00bb4.27.2&#8243; _module_preset=\u00bbdefault\u00bb global_colors_info=\u00bb{}\u00bb][et_pb_text admin_label=\u00bbTitles\u00bb module_class=\u00bbhero\u00bb _builder_version=\u00bb4.27.4&#8243; _module_preset=\u00bbdefault\u00bb header_font=\u00bb|700|||||||\u00bb header_font_size=\u00bb64px\u00bb header_line_height=\u00bb1.1em\u00bb header_3_font=\u00bb|300||on|||||\u00bb header_3_font_size=\u00bb28px\u00bb header_3_letter_spacing=\u00bb2px\u00bb header_3_line_height=\u00bb1.2em\u00bb text_orientation=\u00bbcenter\u00bb background_layout=\u00bbdark\u00bb hover_enabled=\u00bb0&#8243; header_font_size_tablet=\u00bb54px\u00bb header_font_size_phone=\u00bb48px\u00bb header_font_size_last_edited=\u00bbon|phone\u00bb header_3_font_size_tablet=\u00bb26px\u00bb header_3_font_size_phone=\u00bb24px\u00bb header_3_font_size_last_edited=\u00bbon|phone\u00bb global_colors_info=\u00bb{}\u00bb sticky_enabled=\u00bb0&#8243;]<\/p>\n<h1>Contacto<\/h1>\n<p>[\/et_pb_text][\/et_pb_column][\/et_pb_row][\/et_pb_section][et_pb_section fb_built=\u00bb1&#8243; admin_label=\u00bbInformation text\u00bb module_class=\u00bbcategory\u00bb _builder_version=\u00bb4.27.2&#8243; _module_preset=\u00bbdefault\u00bb background_enable_color=\u00bboff\u00bb locked=\u00bboff\u00bb global_colors_info=\u00bb{}\u00bb][et_pb_row custom_padding_last_edited=\u00bbon|tablet\u00bb _builder_version=\u00bb4.27.2&#8243; _module_preset=\u00bbdefault\u00bb custom_padding=\u00bb0px|250px||250px|false|true\u00bb custom_padding_tablet=\u00bb|0px||0px|false|true\u00bb custom_padding_phone=\u00bb|0px||0px|false|true\u00bb global_colors_info=\u00bb{}\u00bb][et_pb_column type=\u00bb4_4&#8243; _builder_version=\u00bb4.27.2&#8243; _module_preset=\u00bbdefault\u00bb global_colors_info=\u00bb{}\u00bb][et_pb_text module_class=\u00bbcategory content\u00bb _builder_version=\u00bb4.27.4&#8243; _module_preset=\u00bbdefault\u00bb header_2_font=\u00bb|700|||||||\u00bb header_2_font_size=\u00bb24px\u00bb header_2_line_height=\u00bb1.2em\u00bb hover_enabled=\u00bb0&#8243; header_2_font_size_tablet=\u00bb20px\u00bb header_2_font_size_phone=\u00bb20px\u00bb header_2_font_size_last_edited=\u00bbon|desktop\u00bb global_colors_info=\u00bb{}\u00bb sticky_enabled=\u00bb0&#8243;]No dude en ponerse en contacto con nosotros si tiene alguna duda o pregunta.<\/p>\n<h2>Correo electr\u00f3nico<\/h2>\n<p><a href=\"mailto:info@viewmontevideo.com\">info@viewmontevideo.com<\/a><\/p>\n<h2>Tel\u00e9fono<\/h2>\n<p>+598 123 456 67<\/p>\n<h2>Direcci\u00f3n de visita<\/h2>\n<p>Street address, City<\/p>\n<h2>Direcci\u00f3n postal<\/h2>\n<p>Street address, City[\/et_pb_text][\/et_pb_column][\/et_pb_row][\/et_pb_section]<\/p>\n","protected":false},"excerpt":{"rendered":"<p>ContactoNo dude en ponerse en contacto con nosotros si tiene alguna duda o pregunta. Correo electr\u00f3nico info@viewmontevideo.com Tel\u00e9fono +598 123 456 67 Direcci\u00f3n de visita Street address, City Direcci\u00f3n postal Street address, City<\/p>\n","protected":false},"author":1,"featured_media":0,"parent":0,"menu_order":0,"comment_status":"closed","ping_status":"closed","template":"","meta":{"_et_pb_use_builder":"on","_et_pb_old_content":"","_et_gb_content_width":"","_lmt_disableupdate":"no","_lmt_disable":"","footnotes":""},"class_list":["post-255240","page","type-page","status-publish","hentry"],"_links":{"self":[{"href":"https:\/\/viewmontevideo.com\/es\/wp-json\/wp\/v2\/pages\/255240","targetHints":{"allow":["GET"]}}],"collection":[{"href":"https:\/\/viewmontevideo.com\/es\/wp-json\/wp\/v2\/pages"}],"about":[{"href":"https:\/\/viewmontevideo.com\/es\/wp-json\/wp\/v2\/types\/page"}],"author":[{"embeddable":true,"href":"https:\/\/viewmontevideo.com\/es\/wp-json\/wp\/v2\/users\/1"}],"replies":[{"embeddable":true,"href":"https:\/\/viewmontevideo.com\/es\/wp-json\/wp\/v2\/comments?post=255240"}],"version-history":[{"count":2,"href":"https:\/\/viewmontevideo.com\/es\/wp-json\/wp\/v2\/pages\/255240\/revisions"}],"predecessor-version":[{"id":255243,"href":"https:\/\/viewmontevideo.com\/es\/wp-json\/wp\/v2\/pages\/255240\/revisions\/255243"}],"wp:attachment":[{"href":"https:\/\/viewmontevideo.com\/es\/wp-json\/wp\/v2\/media?parent=255240"}],"curies":[{"name":"wp","href":"https:\/\/api.w.org\/{rel}","templated":true}]}}