{"id":255246,"date":"2024-10-28T16:35:15","date_gmt":"2024-10-28T19:35:15","guid":{"rendered":"https:\/\/viewmontevideo.com\/career\/"},"modified":"2025-02-12T07:47:16","modified_gmt":"2025-02-12T10:47:16","slug":"carrera","status":"publish","type":"page","link":"https:\/\/viewmontevideo.com\/es\/carrera\/","title":{"rendered":"Trabaja con nosotros"},"content":{"rendered":"<p>[et_pb_section fb_built=\u00bb1&#8243; admin_label=\u00bbHero\u00bb _builder_version=\u00bb4.27.4&#8243; _module_preset=\u00bbdefault\u00bb background_color=\u00bbrgba(0,0,0,0.2)\u00bb background_image=\u00bbhttps:\/\/viewmontevideo.com\/wp-content\/uploads\/2025\/02\/category-header-desktop-demo.jpg\u00bb background_last_edited=\u00bbon|phone\u00bb background_image_phone=\u00bbhttps:\/\/viewmontevideo.com\/wp-content\/uploads\/2025\/02\/category-header-mobile-demo.jpg\u00bb background_enable_image_phone=\u00bbon\u00bb global_colors_info=\u00bb{}\u00bb][et_pb_row custom_padding_last_edited=\u00bbon|desktop\u00bb _builder_version=\u00bb4.27.2&#8243; _module_preset=\u00bbdefault\u00bb custom_padding=\u00bb100px||100px||true|false\u00bb custom_padding_tablet=\u00bb50px||50px||false|false\u00bb custom_padding_phone=\u00bb40px||40px||false|false\u00bb global_colors_info=\u00bb{}\u00bb][et_pb_column type=\u00bb4_4&#8243; _builder_version=\u00bb4.27.2&#8243; _module_preset=\u00bbdefault\u00bb global_colors_info=\u00bb{}\u00bb][et_pb_text admin_label=\u00bbTitles\u00bb module_class=\u00bbhero\u00bb _builder_version=\u00bb4.27.4&#8243; _module_preset=\u00bbdefault\u00bb header_font=\u00bb|700|||||||\u00bb header_font_size=\u00bb64px\u00bb header_line_height=\u00bb1.1em\u00bb header_3_font=\u00bb|300||on|||||\u00bb header_3_font_size=\u00bb28px\u00bb header_3_letter_spacing=\u00bb2px\u00bb header_3_line_height=\u00bb1.2em\u00bb text_orientation=\u00bbcenter\u00bb background_layout=\u00bbdark\u00bb hover_enabled=\u00bb0&#8243; header_font_size_tablet=\u00bb54px\u00bb header_font_size_phone=\u00bb48px\u00bb header_font_size_last_edited=\u00bbon|phone\u00bb header_3_font_size_tablet=\u00bb26px\u00bb header_3_font_size_phone=\u00bb24px\u00bb header_3_font_size_last_edited=\u00bbon|phone\u00bb global_colors_info=\u00bb{}\u00bb sticky_enabled=\u00bb0&#8243;]<\/p>\n<h1>Trabaja con nosotros<\/h1>\n<p>[\/et_pb_text][\/et_pb_column][\/et_pb_row][\/et_pb_section][et_pb_section fb_built=\u00bb1&#8243; admin_label=\u00bbInformation text\u00bb module_class=\u00bbcategory\u00bb _builder_version=\u00bb4.27.2&#8243; _module_preset=\u00bbdefault\u00bb background_enable_color=\u00bboff\u00bb locked=\u00bboff\u00bb global_colors_info=\u00bb{}\u00bb][et_pb_row custom_padding_last_edited=\u00bbon|tablet\u00bb _builder_version=\u00bb4.27.2&#8243; _module_preset=\u00bbdefault\u00bb custom_padding=\u00bb0px|250px||250px|false|true\u00bb custom_padding_tablet=\u00bb|0px||0px|false|true\u00bb custom_padding_phone=\u00bb|0px||0px|false|true\u00bb global_colors_info=\u00bb{}\u00bb][et_pb_column type=\u00bb4_4&#8243; _builder_version=\u00bb4.27.2&#8243; _module_preset=\u00bbdefault\u00bb global_colors_info=\u00bb{}\u00bb][et_pb_text module_class=\u00bbcategory content\u00bb _builder_version=\u00bb4.27.4&#8243; _module_preset=\u00bbdefault\u00bb header_2_font=\u00bb|700|||||||\u00bb header_2_text_align=\u00bbcenter\u00bb header_2_font_size=\u00bb48px\u00bb header_2_line_height=\u00bb1.2em\u00bb hover_enabled=\u00bb0&#8243; header_2_font_size_tablet=\u00bb42px\u00bb header_2_font_size_phone=\u00bb36px\u00bb header_2_font_size_last_edited=\u00bbon|desktop\u00bb global_colors_info=\u00bb{}\u00bb sticky_enabled=\u00bb0&#8243;]<\/p>\n<p><strong>Siempre estamos buscando gente con talento. Esto es lo que buscamos ahora mismo:<\/strong><\/p>\n<h2>Copywriters\/periodistas<\/h2>\n<hr \/>\n<p>Buscamos varios redactores para nuestra p\u00e1gina web. Es un trabajo extra perfecto si est\u00e1s al principio de tu carrera como freelance estudiando para ser redactor publicitario, periodista o similar.<\/p>\n<p>El trabajo incluye hacer entrevistas a nuestros clientes y, bas\u00e1ndose en la entrevista y en la informaci\u00f3n de la p\u00e1gina web de la empresa, escribir un texto de 150-180 palabras para utilizarlo en nuestras gu\u00edas. Usted mismo programa las entrevistas y las realiza por tel\u00e9fono o en una visita (las empresas est\u00e1n ubicadas en Montevideo), depende de usted.<\/p>\n<p>Un requisito para poder realizar el trabajo, adem\u00e1s de escribir textos de alta calidad, es que puedas tomar y hacer proyectos de escritura en poco tiempo. Tambi\u00e9n debes ser capaz de trabajar de forma independiente, ser comprometido y profesional en tus contactos con nuestros clientes.<\/p>\n<h2>About View Montevideo<\/h2>\n<hr \/>\n<p>es una gu\u00eda tur\u00edstica en la web que orienta a los turistas sobre lo mejor que ofrece Montevideo en cuanto a compras, alojamiento, restaurantes, bares, vida nocturna, eventos, experiencias, etc. El contenido de la web est\u00e1 disponible en dos idiomas, ingl\u00e9s y espa\u00f1ol. Usted escribir\u00e1 sus textos en ingl\u00e9s o en espa\u00f1ol, que luego ser\u00e1n traducidos.<\/p>\n<p><strong>\u00a1Inscr\u00edbete ya!<\/strong><br \/>Env\u00eda tu solicitud por correo electr\u00f3nico a <a href=\"mailto:info@viewmontevideo.com\">info@viewmontevideo.com<\/a> y cu\u00e9ntanos brevemente sobre ti y por qu\u00e9 quieres trabajar con nosotros. Adjunte tambi\u00e9n algunas muestras de su trabajo.<\/p>\n<p>Esperamos su solicitud.<\/p>\n<p>[\/et_pb_text][\/et_pb_column][\/et_pb_row][\/et_pb_section]<\/p>\n","protected":false},"excerpt":{"rendered":"<p>Trabaja con nosotrosSiempre estamos buscando gente con talento. Esto es lo que buscamos ahora mismo: Copywriters\/periodistas Buscamos varios redactores para nuestra p\u00e1gina web. Es un trabajo extra perfecto si est\u00e1s al principio de tu carrera como freelance estudiando para ser redactor publicitario, periodista o similar. El trabajo incluye hacer entrevistas a nuestros clientes y, bas\u00e1ndose [&hellip;]<\/p>\n","protected":false},"author":1,"featured_media":0,"parent":0,"menu_order":0,"comment_status":"closed","ping_status":"closed","template":"","meta":{"_et_pb_use_builder":"on","_et_pb_old_content":"","_et_gb_content_width":"","_lmt_disableupdate":"no","_lmt_disable":"","footnotes":""},"class_list":["post-255246","page","type-page","status-publish","hentry"],"_links":{"self":[{"href":"https:\/\/viewmontevideo.com\/es\/wp-json\/wp\/v2\/pages\/255246","targetHints":{"allow":["GET"]}}],"collection":[{"href":"https:\/\/viewmontevideo.com\/es\/wp-json\/wp\/v2\/pages"}],"about":[{"href":"https:\/\/viewmontevideo.com\/es\/wp-json\/wp\/v2\/types\/page"}],"author":[{"embeddable":true,"href":"https:\/\/viewmontevideo.com\/es\/wp-json\/wp\/v2\/users\/1"}],"replies":[{"embeddable":true,"href":"https:\/\/viewmontevideo.com\/es\/wp-json\/wp\/v2\/comments?post=255246"}],"version-history":[{"count":2,"href":"https:\/\/viewmontevideo.com\/es\/wp-json\/wp\/v2\/pages\/255246\/revisions"}],"predecessor-version":[{"id":255249,"href":"https:\/\/viewmontevideo.com\/es\/wp-json\/wp\/v2\/pages\/255246\/revisions\/255249"}],"wp:attachment":[{"href":"https:\/\/viewmontevideo.com\/es\/wp-json\/wp\/v2\/media?parent=255246"}],"curies":[{"name":"wp","href":"https:\/\/api.w.org\/{rel}","templated":true}]}}